{"id":49,"date":"2026-01-19T10:58:42","date_gmt":"2026-01-19T10:58:42","guid":{"rendered":"https:\/\/www.imec-sa.com\/?page_id=49"},"modified":"2026-02-05T09:28:17","modified_gmt":"2026-02-05T09:28:17","slug":"impressum","status":"publish","type":"page","link":"https:\/\/www.imec-sa.com\/?page_id=49","title":{"rendered":"Impressum"},"content":{"rendered":"\n\n\n<p class=\"has-large-font-size wp-block-paragraph\">IMEC S.A.<\/p>\n\n\n\n<p class=\"wp-block-paragraph\"><img loading=\"lazy\" decoding=\"async\" width=\"18\" height=\"18\" class=\"wp-image-190\" style=\"width: 18px;\" src=\"https:\/\/www.imec-sa.com\/wp-content\/uploads\/2026\/02\/image-6.png\" alt=\"\"> 6, route du Vin<br>     L-5495 Wintrange<br>     Luxembourg<\/p>\n\n\n\n<p class=\"wp-block-paragraph\">Directeur G\u00e9n\u00e9ral: Mario Melchior<\/p>\n\n\n\n<p class=\"wp-block-paragraph\"><img loading=\"lazy\" decoding=\"async\" width=\"18\" height=\"18\" class=\"wp-image-102\" style=\"width: 18px;\" src=\"https:\/\/www.imec-sa.com\/wp-content\/uploads\/2026\/01\/image.png\" alt=\"\"> +352 266 649 36<br><img loading=\"lazy\" decoding=\"async\" width=\"18\" height=\"18\" class=\"wp-image-186\" style=\"width: 18px;\" src=\"https:\/\/www.imec-sa.com\/wp-content\/uploads\/2026\/02\/image-2.png\" alt=\"\"> +352 266 649 38<br><img loading=\"lazy\" decoding=\"async\" width=\"18\" height=\"18\" class=\"wp-image-185\" style=\"width: 18px;\" src=\"https:\/\/www.imec-sa.com\/wp-content\/uploads\/2026\/02\/image-1.png\" alt=\"\"> imec@imec-sa.com<\/p>\n\n\n\n<p class=\"wp-block-paragraph\">Regestriergericht: Registre de commerce et des soci\u00e9t\u00e9s &#8211; RCS<br>Registriernummer: HRB-L B58.786<\/p>\n\n\n\n<p class=\"wp-block-paragraph\">Umsatzsteuer-Identifikationsnummer: LU17040963<\/p>\n\n\n\n<p class=\"wp-block-paragraph\"><\/p>\n","protected":false},"excerpt":{"rendered":"<p>IMEC S.A. 6, route du Vin L-5495 Wintrange Luxembourg Directeur G\u00e9n\u00e9ral: Mario Melchior +352 266 649 36 +352 266 649 38 imec@imec-sa.com Regestriergericht: Registre de commerce et des soci\u00e9t\u00e9s &#8211; RCSRegistriernummer: HRB-L B58.786 Umsatzsteuer-Identifikationsnummer: LU17040963<\/p>\n","protected":false},"author":1,"featured_media":0,"parent":0,"menu_order":0,"comment_status":"closed","ping_status":"closed","template":"","meta":{"_crdt_document":"","footnotes":""},"class_list":["post-49","page","type-page","status-publish","hentry"],"jetpack_sharing_enabled":true,"_links":{"self":[{"href":"https:\/\/www.imec-sa.com\/index.php?rest_route=\/wp\/v2\/pages\/49","targetHints":{"allow":["GET"]}}],"collection":[{"href":"https:\/\/www.imec-sa.com\/index.php?rest_route=\/wp\/v2\/pages"}],"about":[{"href":"https:\/\/www.imec-sa.com\/index.php?rest_route=\/wp\/v2\/types\/page"}],"author":[{"embeddable":true,"href":"https:\/\/www.imec-sa.com\/index.php?rest_route=\/wp\/v2\/users\/1"}],"replies":[{"embeddable":true,"href":"https:\/\/www.imec-sa.com\/index.php?rest_route=%2Fwp%2Fv2%2Fcomments&post=49"}],"version-history":[{"count":5,"href":"https:\/\/www.imec-sa.com\/index.php?rest_route=\/wp\/v2\/pages\/49\/revisions"}],"predecessor-version":[{"id":191,"href":"https:\/\/www.imec-sa.com\/index.php?rest_route=\/wp\/v2\/pages\/49\/revisions\/191"}],"wp:attachment":[{"href":"https:\/\/www.imec-sa.com\/index.php?rest_route=%2Fwp%2Fv2%2Fmedia&parent=49"}],"curies":[{"name":"wp","href":"https:\/\/api.w.org\/{rel}","templated":true}]}}