{"id":64,"date":"2026-01-19T11:44:28","date_gmt":"2026-01-19T11:44:28","guid":{"rendered":"https:\/\/www.imec-sa.com\/?page_id=64"},"modified":"2026-02-05T10:30:54","modified_gmt":"2026-02-05T10:30:54","slug":"unsere-vorteile","status":"publish","type":"page","link":"https:\/\/www.imec-sa.com\/?page_id=64","title":{"rendered":"Unsere Vorteile"},"content":{"rendered":"\n<p class=\"has-text-align-left wp-block-paragraph\">Wir sind Ihr zuverl\u00e4ssiger Partner f\u00fcr den Vertrieb hochwertiger medizinischer Produkte. Mit modernster Technologie, umfassender Kompetenz und schnellen Lieferzeiten setzen wir neue Ma\u00dfst\u00e4be im Pharmagro\u00dfhandel. Unser engagiertes Team steht Ihnen jederzeit mit seinem exzellenten Kunden-Service zur Seite. Vertrauen Sie auf Qualit\u00e4t, Effizienz und herausragende L\u00f6sungen, die wir Ihnen bieten.<\/p>\n\n\n\n<p class=\"wp-block-paragraph\"><strong>Hochwertige Materialien<\/strong><br><br>Unsere Produkte bestehen aus hochwertigen Materialien, die f\u00fcr Langlebigkeit und Zuverl\u00e4ssigkeit stehen. Wir \u00fcberzeugen mit erstklassiger Qualit\u00e4t!<\/p>\n\n\n\n<p class=\"wp-block-paragraph\"><strong>Innovative Technologie<\/strong><br><br>Wir integrieren die neuesten technologischen Fortschritte, um die besten medizinischen L\u00f6sungen zu bieten. Wir sind uns der wachsenden Herausforderungen des Gesundheitswesens bewusst und arbeiten stets daran, diesen mit unseren L\u00f6sungen voraus zu sein.<\/p>\n\n\n\n<p class=\"wp-block-paragraph\"><strong>Umfassender Service<\/strong><br><br>Die Fa. IMEC S.A. bietet Ihnen einen umfassenden Kundenservice, um sicherzustellen, dass Sie jetzt und in der Zukunft mit unseren Produkten und unserer Dienstleistung rundum zufrieden sind. Darauf legen wir h\u00f6chsten Wert!<\/p>\n\n\n\n<div class=\"wp-block-buttons is-layout-flex wp-block-buttons-is-layout-flex\">\n<div class=\"wp-block-button\"><a class=\"wp-block-button__link wp-element-button\" href=\"https:\/\/www.imec-sa.com\/?page_id=98\">KONTAKTIEREN SIE UNS<\/a><\/div>\n<\/div>\n\n\n\n<p class=\"wp-block-paragraph\"><\/p>\n\n\n\n<p class=\"wp-block-paragraph\"><br><br><strong>Warum IMEC S.A.?<\/strong><br><br>Wir sind Ihr zuverl\u00e4ssiger Partner f\u00fcr medizinische Produkte und schnelle Lieferungen. Profitieren Sie von unserem umfangreichen Sortiment und erstklassigen Service.<\/p>\n\n\n\n<p class=\"wp-block-paragraph\"><img loading=\"lazy\" decoding=\"async\" width=\"20\" height=\"20\" class=\"wp-image-197\" style=\"width: 20px;\" src=\"https:\/\/www.imec-sa.com\/wp-content\/uploads\/2026\/02\/image-7.png\" alt=\"\"> <strong>Attraktive Preise<\/strong><br><br>Aufgrund gro\u00dfer Abnahmemengen im Einkauf sind wir in der Lage, Ihnen den Gro\u00dfteil unserer Artikel zu besonders g\u00fcnstigen Konditionen anzubieten \u2013 ganz gleich, ob es sich um Markenprodukte oder Generika handelt.<\/p>\n\n\n\n<p class=\"wp-block-paragraph\"><img loading=\"lazy\" decoding=\"async\" width=\"20\" height=\"20\" class=\"wp-image-198\" style=\"width: 20px;\" src=\"https:\/\/www.imec-sa.com\/wp-content\/uploads\/2026\/02\/image-8.png\" alt=\"\"> <strong>Schnelle Lieferung<\/strong><br><br>Ihre Bestellung wird nach Eingang nat\u00fcrlich umgehend von uns bearbeitet. Die Auslieferung Ihres Auftrages erfolgt im Regelfall innerhalb von 48 Stunden. Eine Express-Lieferung sowie eine Samstagszustellung sind auf Anfrage m\u00f6glich.<\/p>\n\n\n\n<p class=\"wp-block-paragraph\"><img loading=\"lazy\" decoding=\"async\" width=\"20\" height=\"20\" class=\"wp-image-199\" style=\"width: 20px;\" src=\"https:\/\/www.imec-sa.com\/wp-content\/uploads\/2026\/02\/image-9.png\" alt=\"\"> <strong>Kein Mindestbestellwert<\/strong><br><br>Bestellen Sie genau das, was Sie brauchen, ohne Einschr\u00e4nkungen. Einen Mindestbestellwert gibt es bei uns nicht.<\/p>\n\n\n\n<p class=\"wp-block-paragraph\"><img loading=\"lazy\" decoding=\"async\" width=\"20\" height=\"20\" class=\"wp-image-200\" style=\"width: 20px;\" src=\"https:\/\/www.imec-sa.com\/wp-content\/uploads\/2026\/02\/image-10.png\" alt=\"\"> <strong>Niedrige Versandkosten<\/strong><br><br>Ab einem Netto-Warenwert von 500,00 \u20ac liefern wir alle Artikel versandkostenfrei. Ansonsten erfolgt die Lieferung ab Lager zzgl. Versandkosten<\/p>\n\n\n\n<p class=\"wp-block-paragraph\">(ausgenommen Express- \/ Samstagszustellung, Exportsendungen und Palettenlieferung).<\/p>\n\n\n\n<div class=\"wp-block-buttons is-layout-flex wp-block-buttons-is-layout-flex\">\n<div class=\"wp-block-button\"><a class=\"wp-block-button__link wp-element-button\" href=\"https:\/\/www.imec-sa.com\/?page_id=98\">BESTELLEN SIE JETZT<\/a><\/div>\n<\/div>\n\n\n\n<p class=\"wp-block-paragraph\"><img loading=\"lazy\" decoding=\"async\" width=\"20\" height=\"20\" class=\"wp-image-201\" style=\"width: 20px;\" src=\"https:\/\/www.imec-sa.com\/wp-content\/uploads\/2026\/02\/image-11.png\" alt=\"\"> <strong>Umfangreiches Sortiment<\/strong><br><br>Unser Sortiment umfasst mehr als 100.000 medizinische Artikel in erstklassiger Qualit\u00e4t f\u00fcr einen zuverl\u00e4ssigen Einsatz. Unsere Produkte w\u00e4hlen wir sorgf\u00e4ltig aus, um den h\u00f6chsten Anspr\u00fcchen gerecht zu werden.<\/p>\n\n\n\n<p class=\"wp-block-paragraph\"><img loading=\"lazy\" decoding=\"async\" width=\"20\" height=\"20\" class=\"wp-image-203\" style=\"width: 20px;\" src=\"https:\/\/www.imec-sa.com\/wp-content\/uploads\/2026\/02\/image-13.png\" alt=\"\"> <strong>Kundenfreundliche Zahlung<\/strong><br><br>Zahlen Sie ganz bequem innerhalb von 10 Tagen per \u00dcberweisung oder Abbuchung.\u00a0<\/p>\n\n\n\n<p class=\"wp-block-paragraph\"><img loading=\"lazy\" decoding=\"async\" width=\"20\" height=\"20\" class=\"wp-image-202\" style=\"width: 20px;\" src=\"https:\/\/www.imec-sa.com\/wp-content\/uploads\/2026\/02\/image-12.png\" alt=\"\"> <strong>Erstklassiger Kunden-Service<\/strong><br><br>Unser engagiertes Team steht Ihnen gerne zur Verf\u00fcgung, um Ihre Fragen schnell und kompetent zu beantworten sowie Ihre Bestellung entgegenzunehmen.<\/p>\n\n\n\n<p class=\"wp-block-paragraph\"><br><\/p>\n","protected":false},"excerpt":{"rendered":"<p>Wir sind Ihr zuverl\u00e4ssiger Partner f\u00fcr den Vertrieb hochwertiger medizinischer Produkte. Mit modernster Technologie, umfassender Kompetenz und schnellen Lieferzeiten setzen wir neue Ma\u00dfst\u00e4be im Pharmagro\u00dfhandel. Unser engagiertes Team steht Ihnen jederzeit mit seinem exzellenten Kunden-Service zur Seite. Vertrauen Sie auf Qualit\u00e4t, Effizienz und herausragende L\u00f6sungen, die wir Ihnen bieten. Hochwertige Materialien Unsere Produkte bestehen aus [&hellip;]<\/p>\n","protected":false},"author":1,"featured_media":0,"parent":0,"menu_order":0,"comment_status":"closed","ping_status":"closed","template":"","meta":{"_crdt_document":"","footnotes":""},"class_list":["post-64","page","type-page","status-publish","hentry"],"jetpack_sharing_enabled":true,"_links":{"self":[{"href":"https:\/\/www.imec-sa.com\/index.php?rest_route=\/wp\/v2\/pages\/64","targetHints":{"allow":["GET"]}}],"collection":[{"href":"https:\/\/www.imec-sa.com\/index.php?rest_route=\/wp\/v2\/pages"}],"about":[{"href":"https:\/\/www.imec-sa.com\/index.php?rest_route=\/wp\/v2\/types\/page"}],"author":[{"embeddable":true,"href":"https:\/\/www.imec-sa.com\/index.php?rest_route=\/wp\/v2\/users\/1"}],"replies":[{"embeddable":true,"href":"https:\/\/www.imec-sa.com\/index.php?rest_route=%2Fwp%2Fv2%2Fcomments&post=64"}],"version-history":[{"count":12,"href":"https:\/\/www.imec-sa.com\/index.php?rest_route=\/wp\/v2\/pages\/64\/revisions"}],"predecessor-version":[{"id":204,"href":"https:\/\/www.imec-sa.com\/index.php?rest_route=\/wp\/v2\/pages\/64\/revisions\/204"}],"wp:attachment":[{"href":"https:\/\/www.imec-sa.com\/index.php?rest_route=%2Fwp%2Fv2%2Fmedia&parent=64"}],"curies":[{"name":"wp","href":"https:\/\/api.w.org\/{rel}","templated":true}]}}