{"id":7,"date":"2026-01-16T09:51:30","date_gmt":"2026-01-16T09:51:30","guid":{"rendered":"https:\/\/www.imec-sa.com\/?page_id=7"},"modified":"2026-01-29T09:40:03","modified_gmt":"2026-01-29T09:40:03","slug":"imec-start","status":"publish","type":"page","link":"https:\/\/www.imec-sa.com\/","title":{"rendered":"Medizinprodukte aus dem Herzen Europas"},"content":{"rendered":"\n<p class=\"has-text-align-center wp-block-paragraph\">Mit unserem Firmensitz in Wintrange &#8211; Luxembourg, nahe Schengen, sitzen wir nicht nur direkt im Herzen Europas, sondern auch stets am Puls der Zeit. \u00dcber die Jahre haben wir von hier aus ein Netzwerk an wertvollen Kontakten und Kunden aufgebaut, auf das wir stolz sein k\u00f6nnen. Wir freuen uns, auch Sie kennenlernen zu d\u00fcrfen!<\/p>\n\n\n\n<figure class=\"wp-block-image size-full\"><img loading=\"lazy\" decoding=\"async\" width=\"710\" height=\"680\" src=\"https:\/\/www.imec-sa.com\/wp-content\/uploads\/2026\/01\/Europa.jpg\" alt=\"\" class=\"wp-image-171\" srcset=\"https:\/\/www.imec-sa.com\/wp-content\/uploads\/2026\/01\/Europa.jpg 710w, https:\/\/www.imec-sa.com\/wp-content\/uploads\/2026\/01\/Europa-300x287.jpg 300w\" sizes=\"auto, (max-width: 710px) 100vw, 710px\" \/><\/figure>\n\n\n\n<p class=\"has-text-align-center wp-block-paragraph\">Seit 2005 sind wir als verl\u00e4sslicher Handelspartner in der Gesundheitsbranche aktiv. Unser Sortiment umfasst ausschlie\u00dflich gepr\u00fcfte Medizinprodukte in verschiedenen Qualit\u00e4tsstufen, welches wir kontinuierlich erweitern, um stets auf dem neuesten Stand zu sein. Wir bieten unseren Kunden t\u00e4glich eine gro\u00dfe Auswahl an medizinischen Versorgungsprodukten und Hilfsmitteln an \u2013 unkompliziert, preiswert und schnell. Dank unseres leistungsstarken Logistik-Netzwerks garantieren wir eine zuverl\u00e4ssige und z\u00fcgige Lieferung.<\/p>\n\n\n\n<p class=\"has-text-align-center wp-block-paragraph\">Unser Ziel ist es, Sie in Ihrer t\u00e4glichen Arbeit bestm\u00f6glich zu entlasten, indem wir Ihnen eine effiziente, stressfreie Bestellroutine erm\u00f6glichen. Mit einem breitgef\u00e4cherten Produktsortiment, attraktiven Preisen und erstklassigem Service m\u00f6chten wir Ihr Einkaufsmanagement vereinfachen, sodass Sie sich voll und ganz auf Ihre Kernaufgaben fokussieren k\u00f6nnen.<\/p>\n\n\n\n<p class=\"has-text-align-center wp-block-paragraph\">Dabei legen wir gro\u00dfen Wert auf langfristige Partnerschaften und stehen Ihnen als kompetenter Ansprechpartner jederzeit zur Seite. Ihre Zufriedenheit steht f\u00fcr uns an erster Stelle.<\/p>\n","protected":false},"excerpt":{"rendered":"<p>Mit unserem Firmensitz in Wintrange &#8211; Luxembourg, nahe Schengen, sitzen wir nicht nur direkt im Herzen Europas, sondern auch stets am Puls der Zeit. \u00dcber die Jahre haben wir von hier aus ein Netzwerk an wertvollen Kontakten und Kunden aufgebaut, auf das wir stolz sein k\u00f6nnen. Wir freuen uns, auch Sie kennenlernen zu d\u00fcrfen! Seit [&hellip;]<\/p>\n","protected":false},"author":1,"featured_media":0,"parent":0,"menu_order":0,"comment_status":"closed","ping_status":"closed","template":"","meta":{"_crdt_document":"","footnotes":""},"class_list":["post-7","page","type-page","status-publish","hentry"],"jetpack_sharing_enabled":true,"_links":{"self":[{"href":"https:\/\/www.imec-sa.com\/index.php?rest_route=\/wp\/v2\/pages\/7","targetHints":{"allow":["GET"]}}],"collection":[{"href":"https:\/\/www.imec-sa.com\/index.php?rest_route=\/wp\/v2\/pages"}],"about":[{"href":"https:\/\/www.imec-sa.com\/index.php?rest_route=\/wp\/v2\/types\/page"}],"author":[{"embeddable":true,"href":"https:\/\/www.imec-sa.com\/index.php?rest_route=\/wp\/v2\/users\/1"}],"replies":[{"embeddable":true,"href":"https:\/\/www.imec-sa.com\/index.php?rest_route=%2Fwp%2Fv2%2Fcomments&post=7"}],"version-history":[{"count":15,"href":"https:\/\/www.imec-sa.com\/index.php?rest_route=\/wp\/v2\/pages\/7\/revisions"}],"predecessor-version":[{"id":172,"href":"https:\/\/www.imec-sa.com\/index.php?rest_route=\/wp\/v2\/pages\/7\/revisions\/172"}],"wp:attachment":[{"href":"https:\/\/www.imec-sa.com\/index.php?rest_route=%2Fwp%2Fv2%2Fmedia&parent=7"}],"curies":[{"name":"wp","href":"https:\/\/api.w.org\/{rel}","templated":true}]}}